{"id":2,"date":"2025-01-10T18:49:39","date_gmt":"2025-01-10T17:49:39","guid":{"rendered":"http:\/\/madgrey.cluster100.hosting.ovh.net\/?page_id=2"},"modified":"2026-03-08T00:41:26","modified_gmt":"2026-03-07T23:41:26","slug":"page-d-exemple","status":"publish","type":"page","link":"https:\/\/madgren.com\/","title":{"rendered":"Accueil"},"content":{"rendered":"<div id=\"pl-2\"  class=\"panel-layout\" ><div id=\"pg-2-0\"  class=\"panel-grid panel-no-style\" ><div id=\"pgc-2-0-0\"  class=\"panel-grid-cell\" ><div id=\"panel-2-0-0-0\" class=\"so-panel widget widget_sow-image panel-first-child\" data-index=\"0\" ><div\n\t\t\t\n\t\t\tclass=\"so-widget-sow-image so-widget-sow-image-default-8b5b6f678277-2\"\n\t\t\t\n\t\t>\n<div class=\"sow-image-container\">\n\t\t<img \n\tsrc=\"https:\/\/madgren.com\/wp-content\/uploads\/2026\/03\/home.png\" width=\"1536\" height=\"1024\" srcset=\"https:\/\/madgren.com\/wp-content\/uploads\/2026\/03\/home.png 1536w, https:\/\/madgren.com\/wp-content\/uploads\/2026\/03\/home-300x200.png 300w, https:\/\/madgren.com\/wp-content\/uploads\/2026\/03\/home-1024x683.png 1024w, https:\/\/madgren.com\/wp-content\/uploads\/2026\/03\/home-768x512.png 768w, https:\/\/madgren.com\/wp-content\/uploads\/2026\/03\/home-720x480.png 720w, https:\/\/madgren.com\/wp-content\/uploads\/2026\/03\/home-272x182.png 272w\" sizes=\"(max-width: 1536px) 100vw, 1536px\" alt=\"\" \t\tclass=\"so-widget-image\"\/>\n\t<\/div>\n\n<\/div><\/div><div id=\"panel-2-0-0-1\" class=\"so-panel widget widget_sow-editor panel-last-child\" data-index=\"1\" ><div class=\"panel-widget-style panel-widget-style-for-2-0-0-1\" ><div\n\t\t\t\n\t\t\tclass=\"so-widget-sow-editor so-widget-sow-editor-base\"\n\t\t\t\n\t\t>\n<div class=\"siteorigin-widget-tinymce textwidget\">\n\t<p class=\"has-text-align-center\" style=\"font-size: 30px;\"><strong>MADGREN GROUP<\/strong><br \/>\n<em>Conseil Strat\u00e9gique International &amp; Structuration de Projets<\/em><\/p>\n<p><!-- \/wp:paragraph --><\/p>\n<p><!-- wp:paragraph --><\/p>\n<p><!-- \/wp:paragraph --><\/p>\n<p><!-- wp:spacer --><\/p>\n<p><!-- \/wp:spacer --><\/p>\n<p><!-- wp:paragraph {\"customFontSize\":20} --><\/p>\n<p>&nbsp;<\/p>\n<p style=\"font-size: 20px;\"><strong>MADGREN Group<\/strong> est un cabinet international de conseil sp\u00e9cialis\u00e9 dans la <strong data-start=\"279\" data-end=\"386\">structuration de projets, les partenariats strat\u00e9giques et le d\u00e9veloppement d\u2019activit\u00e9s internationales<\/strong>.<\/p>\n<p data-start=\"389\" data-end=\"627\">La soci\u00e9t\u00e9 accompagne <strong data-start=\"411\" data-end=\"469\">investisseurs, institutions et partenaires industriels<\/strong> dans le d\u00e9veloppement d\u2019initiatives li\u00e9es aux <strong data-start=\"516\" data-end=\"581\">infrastructures, \u00e0 la logistique et aux ressources naturelles<\/strong>, sur les march\u00e9s \u00e9mergents et internationaux.<\/p>\n<p data-start=\"629\" data-end=\"764\">MADGREN fournit des services de <strong data-start=\"661\" data-end=\"763\">conseil strat\u00e9gique, de coordination et de structuration pour des projets internationaux complexes<\/strong>.<\/p>\n<p>&nbsp;<\/p>\n<p><!-- \/wp:paragraph --><\/p>\n<p><!-- wp:spacer --><\/p>\n<p><!-- \/wp:spacer --><\/p>\n<p><!-- wp:paragraph {\"align\":\"center\",\"customFontSize\":30} --><\/p>\n<h2 data-section-id=\"aixefh\" data-start=\"771\" data-end=\"798\">Nos domaines d\u2019expertise<\/h2>\n<p data-start=\"800\" data-end=\"930\"><strong data-start=\"800\" data-end=\"823\">Conseil strat\u00e9gique<\/strong><br data-start=\"823\" data-end=\"826\" \/>Accompagnement des institutions et des entreprises dans la conduite de projets internationaux complexes.<\/p>\n<p data-start=\"932\" data-end=\"1078\"><strong data-start=\"932\" data-end=\"960\">Structuration de projets<\/strong><br data-start=\"960\" data-end=\"963\" \/>Conception et coordination d\u2019initiatives dans les domaines des infrastructures, de la logistique et de l\u2019industrie.<\/p>\n<p data-start=\"1080\" data-end=\"1223\"><strong data-start=\"1080\" data-end=\"1117\">Conseil en commerce international<\/strong><br data-start=\"1117\" data-end=\"1120\" \/>Accompagnement strat\u00e9gique des op\u00e9rations de commerce international et des cha\u00eenes d\u2019approvisionnement.<\/p>\n<p data-start=\"1225\" data-end=\"1351\"><strong data-start=\"1225\" data-end=\"1269\">Conseil en infrastructures et logistique<\/strong><br data-start=\"1269\" data-end=\"1272\" \/>Appui au d\u00e9veloppement de plateformes logistiques et d\u2019\u00e9cosyst\u00e8mes industriels.<\/p>\n<p class=\"has-text-align-center coblocks-animate\" style=\"font-size: 20px;\" data-coblocks-animation=\"slideInLeft\">\n<p data-coblocks-animation=\"slideInLeft\">\n<\/div>\n<\/div><\/div><\/div><\/div><\/div><div id=\"pg-2-1\"  class=\"panel-grid panel-no-style\" ><div id=\"pgc-2-1-0\"  class=\"panel-grid-cell\" ><div id=\"panel-2-1-0-0\" class=\"so-panel widget widget_sow-button panel-first-child panel-last-child\" data-index=\"2\" ><div class=\"panel-widget-style panel-widget-style-for-2-1-0-0\" ><div\n\t\t\t\n\t\t\tclass=\"so-widget-sow-button so-widget-sow-button-wire-fd343d6d5f9d-2\"\n\t\t\t\n\t\t><div class=\"ow-button-base ow-button-align-center\"\n>\n\t\t\t<a\n\t\t\t\t\thref=\"https:\/\/madgren.com\/index.php\/contact\/\"\n\t\t\t\t\tclass=\"sowb-button ow-icon-placement-left ow-button-hover\" target=\"_blank\" rel=\"noopener noreferrer\" \t>\n\t\t<span>\n\t\t\t\n\t\t\tContactez Nous\t\t<\/span>\n\t\t\t<\/a>\n\t<\/div>\n<\/div><\/div><\/div><\/div><div id=\"pgc-2-1-1\"  class=\"panel-grid-cell\" ><div id=\"panel-2-1-1-0\" class=\"so-panel widget widget_sow-button panel-first-child panel-last-child\" data-index=\"3\" ><div class=\"panel-widget-style panel-widget-style-for-2-1-1-0\" ><div\n\t\t\t\n\t\t\tclass=\"so-widget-sow-button so-widget-sow-button-wire-fd343d6d5f9d-2\"\n\t\t\t\n\t\t><div class=\"ow-button-base ow-button-align-center\"\n>\n\t\t\t<a\n\t\t\t\t\thref=\"https:\/\/madgren.com\/wp-content\/uploads\/2026\/03\/MADGREN-GROUP-COMPANY-PROFILE.pdf\"\n\t\t\t\t\tclass=\"sowb-button ow-icon-placement-left ow-button-hover\" target=\"_blank\" rel=\"noopener noreferrer\" \t>\n\t\t<span>\n\t\t\t\n\t\t\tTelecharger notre company profile\t\t<\/span>\n\t\t\t<\/a>\n\t<\/div>\n<\/div><\/div><\/div><\/div><\/div><div id=\"pg-2-2\"  class=\"panel-grid panel-no-style\" ><div id=\"pgc-2-2-0\"  class=\"panel-grid-cell\" ><div id=\"panel-2-2-0-0\" class=\"so-panel widget widget_sow-editor panel-first-child panel-last-child\" data-index=\"4\" ><div\n\t\t\t\n\t\t\tclass=\"so-widget-sow-editor so-widget-sow-editor-base\"\n\t\t\t\n\t\t>\n<div class=\"siteorigin-widget-tinymce textwidget\">\n\t<p style=\"text-align: center;\">MADGREN Group fournit des services de conseil strat\u00e9gique et de structuration de projets.<br data-start=\"130\" data-end=\"133\" \/>La soci\u00e9t\u00e9 n\u2019intervient pas dans le commerce physique de mati\u00e8res premi\u00e8res ni dans la d\u00e9tention de marchandises, mais accompagne ses partenaires dans la structuration et la facilitation de projets internationaux.<\/p>\n<\/div>\n<\/div><\/div><\/div><\/div><\/div>","protected":false},"excerpt":{"rendered":"<p>MADGREN GROUP Conseil Strat\u00e9gique International &amp; Structuration de Projets &nbsp; MADGREN Group est un cabinet international de conseil sp\u00e9cialis\u00e9 dans la structuration de projets, les partenariats strat\u00e9giques et le d\u00e9veloppement d\u2019activit\u00e9s internationales. La soci\u00e9t\u00e9 accompagne investisseurs, institutions et partenaires industriels dans le d\u00e9veloppement d\u2019initiatives li\u00e9es aux infrastructures, \u00e0 la logistique et aux ressources naturelles, sur [&hellip;]<\/p>\n","protected":false},"author":1,"featured_media":0,"parent":0,"menu_order":0,"comment_status":"closed","ping_status":"open","template":"","meta":{"_coblocks_attr":"","_coblocks_dimensions":"","_coblocks_responsive_height":"","_coblocks_accordion_ie_support":"","footnotes":""},"class_list":["post-2","page","type-page","status-publish","hentry","post"],"_links":{"self":[{"href":"https:\/\/madgren.com\/index.php\/wp-json\/wp\/v2\/pages\/2","targetHints":{"allow":["GET"]}}],"collection":[{"href":"https:\/\/madgren.com\/index.php\/wp-json\/wp\/v2\/pages"}],"about":[{"href":"https:\/\/madgren.com\/index.php\/wp-json\/wp\/v2\/types\/page"}],"author":[{"embeddable":true,"href":"https:\/\/madgren.com\/index.php\/wp-json\/wp\/v2\/users\/1"}],"replies":[{"embeddable":true,"href":"https:\/\/madgren.com\/index.php\/wp-json\/wp\/v2\/comments?post=2"}],"version-history":[{"count":66,"href":"https:\/\/madgren.com\/index.php\/wp-json\/wp\/v2\/pages\/2\/revisions"}],"predecessor-version":[{"id":400,"href":"https:\/\/madgren.com\/index.php\/wp-json\/wp\/v2\/pages\/2\/revisions\/400"}],"wp:attachment":[{"href":"https:\/\/madgren.com\/index.php\/wp-json\/wp\/v2\/media?parent=2"}],"curies":[{"name":"wp","href":"https:\/\/api.w.org\/{rel}","templated":true}]}}