{"id":245,"date":"2026-03-05T17:34:11","date_gmt":"2026-03-05T16:34:11","guid":{"rendered":"https:\/\/madgren.com\/?page_id=245"},"modified":"2026-03-08T00:15:50","modified_gmt":"2026-03-07T23:15:50","slug":"notre-expertise","status":"publish","type":"page","link":"https:\/\/madgren.com\/index.php\/notre-expertise\/","title":{"rendered":"Notre Expertise"},"content":{"rendered":"<div id=\"pl-245\"  class=\"panel-layout\" ><div id=\"pg-245-0\"  class=\"panel-grid panel-no-style\" ><div id=\"pgc-245-0-0\"  class=\"panel-grid-cell\" ><div id=\"panel-245-0-0-0\" class=\"so-panel widget widget_sow-editor panel-first-child panel-last-child\" data-index=\"0\" ><div class=\"panel-widget-style panel-widget-style-for-245-0-0-0\" ><div\n\t\t\t\n\t\t\tclass=\"so-widget-sow-editor so-widget-sow-editor-base\"\n\t\t\t\n\t\t>\n<div class=\"siteorigin-widget-tinymce textwidget\">\n\t<p><!-- wp:paragraph {\"customFontSize\":20} --><\/p>\n<h2 data-section-id=\"1v4f1v6\" data-start=\"126\" data-end=\"148\">Conseil strat\u00e9gique<\/h2>\n<p data-start=\"150\" data-end=\"327\">MADGREN Group fournit des services de conseil strat\u00e9gique aux investisseurs, aux institutions et aux partenaires du secteur priv\u00e9 impliqu\u00e9s dans des initiatives internationales.<\/p>\n<p data-start=\"329\" data-end=\"492\">La soci\u00e9t\u00e9 accompagne l\u2019identification d\u2019opportunit\u00e9s, le d\u00e9veloppement de partenariats et le positionnement strat\u00e9gique de projets sur les march\u00e9s internationaux.<\/p>\n<hr data-start=\"494\" data-end=\"497\" \/>\n<h2 data-section-id=\"slz3vw\" data-start=\"499\" data-end=\"526\">Structuration de projets<\/h2>\n<p data-start=\"528\" data-end=\"623\">MADGREN accompagne la structuration et la coordination d\u2019initiatives internationales complexes.<\/p>\n<p data-start=\"625\" data-end=\"833\">Cela comprend l\u2019assistance aux partenaires dans la conception, l\u2019organisation et l\u2019alignement strat\u00e9gique de projets de d\u00e9veloppement dans les domaines des infrastructures, de la logistique et de l\u2019industrie.<\/p>\n<hr data-start=\"835\" data-end=\"838\" \/>\n<h2 data-section-id=\"7r7ck8\" data-start=\"840\" data-end=\"876\">Conseil en commerce international<\/h2>\n<p data-start=\"878\" data-end=\"1008\">MADGREN fournit un accompagnement strat\u00e9gique pour les initiatives de commerce international et la collaboration transfrontali\u00e8re.<\/p>\n<p data-start=\"1010\" data-end=\"1185\">La soci\u00e9t\u00e9 aide ses partenaires \u00e0 comprendre les dynamiques de march\u00e9, \u00e0 faciliter les partenariats et \u00e0 soutenir la mise en place de transactions internationales structur\u00e9es.<\/p>\n<hr data-start=\"1187\" data-end=\"1190\" \/>\n<h2 data-section-id=\"nw71o8\" data-start=\"1192\" data-end=\"1235\">Conseil en infrastructures et logistique<\/h2>\n<p data-start=\"1237\" data-end=\"1503\">MADGREN accompagne le d\u00e9veloppement d\u2019initiatives dans les domaines des infrastructures et de la logistique en facilitant la coordination entre les diff\u00e9rentes parties prenantes, partenaires et participants impliqu\u00e9s dans des projets de d\u00e9veloppement internationaux.<\/p>\n<hr data-start=\"1505\" data-end=\"1508\" \/>\n<h2 data-section-id=\"1jpy1ga\" data-start=\"1510\" data-end=\"1528\">R\u00f4le de conseil<\/h2>\n<p data-start=\"1530\" data-end=\"1672\">MADGREN agit en tant que soci\u00e9t\u00e9 de conseil et de structuration de projets au service d\u2019initiatives et de projets internationaux strat\u00e9giques.<\/p>\n<p data-start=\"1674\" data-end=\"1897\">La soci\u00e9t\u00e9 n\u2019intervient pas dans le commerce physique de mati\u00e8res premi\u00e8res ni dans la d\u00e9tention de marchandises ; elle se concentre sur la facilitation de partenariats et la structuration de collaborations internationales.<\/p>\n<p><!-- \/wp:paragraph --><\/p>\n<p><!-- wp:paragraph --><\/p>\n<p><!-- \/wp:paragraph --><\/p>\n<\/div>\n<\/div><\/div><\/div><\/div><\/div><\/div>","protected":false},"excerpt":{"rendered":"<p>Conseil strat\u00e9gique MADGREN Group fournit des services de conseil strat\u00e9gique aux investisseurs, aux institutions et aux partenaires du secteur priv\u00e9 impliqu\u00e9s dans des initiatives internationales. La soci\u00e9t\u00e9 accompagne l\u2019identification d\u2019opportunit\u00e9s, le d\u00e9veloppement de partenariats et le positionnement strat\u00e9gique de projets sur les march\u00e9s internationaux. Structuration de projets MADGREN accompagne la structuration et la coordination d\u2019initiatives [&hellip;]<\/p>\n","protected":false},"author":1,"featured_media":0,"parent":0,"menu_order":0,"comment_status":"closed","ping_status":"closed","template":"","meta":{"_coblocks_attr":"","_coblocks_dimensions":"","_coblocks_responsive_height":"","_coblocks_accordion_ie_support":"","footnotes":""},"class_list":["post-245","page","type-page","status-publish","hentry","post"],"_links":{"self":[{"href":"https:\/\/madgren.com\/index.php\/wp-json\/wp\/v2\/pages\/245","targetHints":{"allow":["GET"]}}],"collection":[{"href":"https:\/\/madgren.com\/index.php\/wp-json\/wp\/v2\/pages"}],"about":[{"href":"https:\/\/madgren.com\/index.php\/wp-json\/wp\/v2\/types\/page"}],"author":[{"embeddable":true,"href":"https:\/\/madgren.com\/index.php\/wp-json\/wp\/v2\/users\/1"}],"replies":[{"embeddable":true,"href":"https:\/\/madgren.com\/index.php\/wp-json\/wp\/v2\/comments?post=245"}],"version-history":[{"count":6,"href":"https:\/\/madgren.com\/index.php\/wp-json\/wp\/v2\/pages\/245\/revisions"}],"predecessor-version":[{"id":388,"href":"https:\/\/madgren.com\/index.php\/wp-json\/wp\/v2\/pages\/245\/revisions\/388"}],"wp:attachment":[{"href":"https:\/\/madgren.com\/index.php\/wp-json\/wp\/v2\/media?parent=245"}],"curies":[{"name":"wp","href":"https:\/\/api.w.org\/{rel}","templated":true}]}}