{"id":250,"date":"2026-03-05T17:41:00","date_gmt":"2026-03-05T16:41:00","guid":{"rendered":"https:\/\/madgren.com\/?page_id=250"},"modified":"2026-03-08T00:19:40","modified_gmt":"2026-03-07T23:19:40","slug":"notre-approche","status":"publish","type":"page","link":"https:\/\/madgren.com\/index.php\/notre-approche\/","title":{"rendered":"Notre Approche"},"content":{"rendered":"<div id=\"pl-250\"  class=\"panel-layout\" ><div id=\"pg-250-0\"  class=\"panel-grid panel-no-style\" ><div id=\"pgc-250-0-0\"  class=\"panel-grid-cell\" ><div id=\"panel-250-0-0-0\" class=\"so-panel widget widget_sow-editor panel-first-child panel-last-child\" data-index=\"0\" ><div class=\"panel-widget-style panel-widget-style-for-250-0-0-0\" ><div\n\t\t\t\n\t\t\tclass=\"so-widget-sow-editor so-widget-sow-editor-base\"\n\t\t\t\n\t\t>\n<div class=\"siteorigin-widget-tinymce textwidget\">\n\t<h2 data-section-id=\"lcs6zm\" data-start=\"126\" data-end=\"174\">Une approche sur mesure centr\u00e9e sur le client<\/h2>\n<p data-start=\"176\" data-end=\"377\">Nous travaillons en \u00e9troite collaboration avec nos clients afin de proposer des solutions personnalis\u00e9es et orient\u00e9es r\u00e9sultats, adapt\u00e9es \u00e0 leurs objectifs strat\u00e9giques et \u00e0 leurs enjeux op\u00e9rationnels.<\/p>\n<p data-start=\"379\" data-end=\"534\">Notre approche repose sur l\u2019\u00e9coute, l\u2019analyse et la mise en \u0153uvre de strat\u00e9gies pragmatiques permettant de soutenir la r\u00e9ussite des projets internationaux.<\/p>\n<hr data-start=\"536\" data-end=\"539\" \/>\n<h2 data-section-id=\"1dyi60f\" data-start=\"541\" data-end=\"567\">Pr\u00e9sence internationale<\/h2>\n<p data-start=\"569\" data-end=\"740\">Gr\u00e2ce \u00e0 un r\u00e9seau international de partenaires et d\u2019experts, <strong data-start=\"630\" data-end=\"647\">MADGREN GROUP<\/strong> est en mesure d\u2019accompagner des projets dans diff\u00e9rentes r\u00e9gions et sur de nombreux march\u00e9s.<\/p>\n<p data-start=\"742\" data-end=\"927\">Cette pr\u00e9sence internationale nous permet d\u2019identifier des opportunit\u00e9s, de faciliter des transactions internationales et de connecter des partenaires strat\u00e9giques \u00e0 l\u2019\u00e9chelle mondiale.<\/p>\n<hr data-start=\"929\" data-end=\"932\" \/>\n<h2 data-section-id=\"11yuz08\" data-start=\"934\" data-end=\"959\">Expertise et fiabilit\u00e9<\/h2>\n<p data-start=\"961\" data-end=\"1197\">Notre expertise multidisciplinaire nous permet de structurer des transactions complexes, de s\u00e9curiser les cha\u00eenes d\u2019approvisionnement et d\u2019accompagner le d\u00e9veloppement de projets dans les secteurs de l\u2019\u00e9nergie et des mati\u00e8res premi\u00e8res.<\/p>\n<p data-start=\"1199\" data-end=\"1364\">Nous accordons une importance particuli\u00e8re \u00e0 la transparence, \u00e0 la conformit\u00e9 r\u00e9glementaire et \u00e0 la s\u00e9curit\u00e9 op\u00e9rationnelle dans chaque projet que nous accompagnons.<\/p>\n<hr data-start=\"1366\" data-end=\"1369\" \/>\n<h2 data-section-id=\"190wvfx\" data-start=\"1371\" data-end=\"1399\">Des partenariats durables<\/h2>\n<p data-start=\"1401\" data-end=\"1527\">Chez <strong data-start=\"1406\" data-end=\"1423\">MADGREN GROUP<\/strong>, nous sommes convaincus que le succ\u00e8s durable repose sur la confiance et la collaboration \u00e0 long terme.<\/p>\n<p data-start=\"1529\" data-end=\"1718\">Notre objectif est d\u2019\u00e9tablir des partenariats solides et durables avec nos clients et partenaires, en les accompagnant dans leur d\u00e9veloppement international et leur strat\u00e9gie de croissance.<\/p>\n<hr data-start=\"1720\" data-end=\"1723\" \/>\n<p data-start=\"1725\" data-end=\"1880\"><strong data-start=\"1725\" data-end=\"1736\">MADGREN<\/strong> agit comme une soci\u00e9t\u00e9 de conseil et de structuration de projets accompagnant des initiatives internationales et des partenariats strat\u00e9giques.<\/p>\n<\/div>\n<\/div><\/div><\/div><\/div><\/div><\/div>","protected":false},"excerpt":{"rendered":"<p>Une approche sur mesure centr\u00e9e sur le client Nous travaillons en \u00e9troite collaboration avec nos clients afin de proposer des solutions personnalis\u00e9es et orient\u00e9es r\u00e9sultats, adapt\u00e9es \u00e0 leurs objectifs strat\u00e9giques et \u00e0 leurs enjeux op\u00e9rationnels. Notre approche repose sur l\u2019\u00e9coute, l\u2019analyse et la mise en \u0153uvre de strat\u00e9gies pragmatiques permettant de soutenir la r\u00e9ussite des [&hellip;]<\/p>\n","protected":false},"author":1,"featured_media":0,"parent":0,"menu_order":0,"comment_status":"closed","ping_status":"closed","template":"","meta":{"_coblocks_attr":"","_coblocks_dimensions":"","_coblocks_responsive_height":"","_coblocks_accordion_ie_support":"","footnotes":""},"class_list":["post-250","page","type-page","status-publish","hentry","post"],"_links":{"self":[{"href":"https:\/\/madgren.com\/index.php\/wp-json\/wp\/v2\/pages\/250","targetHints":{"allow":["GET"]}}],"collection":[{"href":"https:\/\/madgren.com\/index.php\/wp-json\/wp\/v2\/pages"}],"about":[{"href":"https:\/\/madgren.com\/index.php\/wp-json\/wp\/v2\/types\/page"}],"author":[{"embeddable":true,"href":"https:\/\/madgren.com\/index.php\/wp-json\/wp\/v2\/users\/1"}],"replies":[{"embeddable":true,"href":"https:\/\/madgren.com\/index.php\/wp-json\/wp\/v2\/comments?post=250"}],"version-history":[{"count":3,"href":"https:\/\/madgren.com\/index.php\/wp-json\/wp\/v2\/pages\/250\/revisions"}],"predecessor-version":[{"id":389,"href":"https:\/\/madgren.com\/index.php\/wp-json\/wp\/v2\/pages\/250\/revisions\/389"}],"wp:attachment":[{"href":"https:\/\/madgren.com\/index.php\/wp-json\/wp\/v2\/media?parent=250"}],"curies":[{"name":"wp","href":"https:\/\/api.w.org\/{rel}","templated":true}]}}