{"id":381,"date":"2026-03-08T00:04:18","date_gmt":"2026-03-07T23:04:18","guid":{"rendered":"https:\/\/madgren.com\/?page_id=381"},"modified":"2026-03-08T00:08:44","modified_gmt":"2026-03-07T23:08:44","slug":"qui-somme-nous","status":"publish","type":"page","link":"https:\/\/madgren.com\/index.php\/qui-somme-nous\/","title":{"rendered":"Qui somme nous"},"content":{"rendered":"<div id=\"pl-381\"  class=\"panel-layout\" ><div id=\"pg-381-0\"  class=\"panel-grid panel-no-style\" ><div id=\"pgc-381-0-0\"  class=\"panel-grid-cell\" ><div id=\"panel-381-0-0-0\" class=\"so-panel widget widget_sow-image panel-first-child\" data-index=\"0\" ><div\n\t\t\t\n\t\t\tclass=\"so-widget-sow-image so-widget-sow-image-default-8b5b6f678277-381\"\n\t\t\t\n\t\t>\n<div class=\"sow-image-container\">\n\t\t<img \n\tsrc=\"https:\/\/madgren.com\/wp-content\/uploads\/2026\/03\/Our-Mission.png\" title=\"Qui somme nous\" alt=\"\" \t\tclass=\"so-widget-image\"\/>\n\t<\/div>\n\n<\/div><\/div><div id=\"panel-381-0-0-1\" class=\"so-panel widget widget_sow-editor panel-last-child\" data-index=\"1\" ><div class=\"panel-widget-style panel-widget-style-for-381-0-0-1\" ><div\n\t\t\t\n\t\t\tclass=\"so-widget-sow-editor so-widget-sow-editor-base\"\n\t\t\t\n\t\t>\n<div class=\"siteorigin-widget-tinymce textwidget\">\n\t<p data-start=\"134\" data-end=\"307\"><strong data-start=\"134\" data-end=\"151\">MADGREN Group<\/strong> est une soci\u00e9t\u00e9 internationale de conseil et de structuration de projets qui accompagne des initiatives transfrontali\u00e8res et des partenariats strat\u00e9giques.<\/p>\n<p data-start=\"309\" data-end=\"548\">La soci\u00e9t\u00e9 travaille avec des investisseurs, des institutions et des partenaires du secteur priv\u00e9 afin de faciliter le d\u00e9veloppement de projets d\u2019infrastructures, de logistique et d\u2019initiatives industrielles sur les march\u00e9s internationaux.<\/p>\n<p data-start=\"550\" data-end=\"740\">MADGREN se concentre sur la coordination strat\u00e9gique, la structuration de projets et la mise en relation des partenaires n\u00e9cessaires \u00e0 la r\u00e9alisation d\u2019initiatives internationales complexes.<\/p>\n<h2 data-section-id=\"12oupaj\" data-start=\"747\" data-end=\"763\">Notre mission<\/h2>\n<p data-start=\"765\" data-end=\"982\">Notre mission est de soutenir le d\u00e9veloppement de projets internationaux durables et \u00e0 fort impact en connectant les partenaires, en structurant les opportunit\u00e9s et en facilitant la coop\u00e9ration au-del\u00e0 des fronti\u00e8res.<\/p>\n<p data-start=\"984\" data-end=\"1135\">MADGREN vise \u00e0 contribuer \u00e0 la cr\u00e9ation de valeur \u00e9conomique \u00e0 long terme gr\u00e2ce \u00e0 des partenariats structur\u00e9s et \u00e0 des services de conseil strat\u00e9gique.<\/p>\n<h2 data-section-id=\"1apllx0\" data-start=\"1142\" data-end=\"1187\">Notre r\u00f4le dans les projets internationaux<\/h2>\n<p data-start=\"1189\" data-end=\"1285\">MADGREN agit comme une plateforme de conseil et de coordination pour les projets internationaux.<\/p>\n<p data-start=\"1287\" data-end=\"1455\">La soci\u00e9t\u00e9 accompagne ses partenaires dans des domaines tels que la structuration de projets, le conseil strat\u00e9gique et la coordination d\u2019initiatives transfrontali\u00e8res.<\/p>\n<p data-start=\"1457\" data-end=\"1683\">MADGREN n\u2019intervient pas dans le commerce physique de mati\u00e8res premi\u00e8res ni dans la d\u00e9tention de marchandises ; l\u2019entreprise se concentre sur la facilitation, le d\u00e9veloppement et la structuration d\u2019initiatives internationales.<\/p>\n<\/div>\n<\/div><\/div><\/div><\/div><\/div><\/div>","protected":false},"excerpt":{"rendered":"<p>MADGREN Group est une soci\u00e9t\u00e9 internationale de conseil et de structuration de projets qui accompagne des initiatives transfrontali\u00e8res et des partenariats strat\u00e9giques. La soci\u00e9t\u00e9 travaille avec des investisseurs, des institutions et des partenaires du secteur priv\u00e9 afin de faciliter le d\u00e9veloppement de projets d\u2019infrastructures, de logistique et d\u2019initiatives industrielles sur les march\u00e9s internationaux. MADGREN se [&hellip;]<\/p>\n","protected":false},"author":1,"featured_media":0,"parent":0,"menu_order":0,"comment_status":"closed","ping_status":"closed","template":"","meta":{"_coblocks_attr":"","_coblocks_dimensions":"","_coblocks_responsive_height":"","_coblocks_accordion_ie_support":"","footnotes":""},"class_list":["post-381","page","type-page","status-publish","hentry","post"],"_links":{"self":[{"href":"https:\/\/madgren.com\/index.php\/wp-json\/wp\/v2\/pages\/381","targetHints":{"allow":["GET"]}}],"collection":[{"href":"https:\/\/madgren.com\/index.php\/wp-json\/wp\/v2\/pages"}],"about":[{"href":"https:\/\/madgren.com\/index.php\/wp-json\/wp\/v2\/types\/page"}],"author":[{"embeddable":true,"href":"https:\/\/madgren.com\/index.php\/wp-json\/wp\/v2\/users\/1"}],"replies":[{"embeddable":true,"href":"https:\/\/madgren.com\/index.php\/wp-json\/wp\/v2\/comments?post=381"}],"version-history":[{"count":3,"href":"https:\/\/madgren.com\/index.php\/wp-json\/wp\/v2\/pages\/381\/revisions"}],"predecessor-version":[{"id":384,"href":"https:\/\/madgren.com\/index.php\/wp-json\/wp\/v2\/pages\/381\/revisions\/384"}],"wp:attachment":[{"href":"https:\/\/madgren.com\/index.php\/wp-json\/wp\/v2\/media?parent=381"}],"curies":[{"name":"wp","href":"https:\/\/api.w.org\/{rel}","templated":true}]}}