{"id":390,"date":"2026-03-08T00:24:17","date_gmt":"2026-03-07T23:24:17","guid":{"rendered":"https:\/\/madgren.com\/?page_id=390"},"modified":"2026-03-08T12:26:50","modified_gmt":"2026-03-08T11:26:50","slug":"gouvernance-et-conformite","status":"publish","type":"page","link":"https:\/\/madgren.com\/index.php\/gouvernance-et-conformite\/","title":{"rendered":"Gouvernance et Conformit\u00e9"},"content":{"rendered":"<div id=\"pl-390\"  class=\"panel-layout\" ><div id=\"pg-390-0\"  class=\"panel-grid panel-no-style\" ><div id=\"pgc-390-0-0\"  class=\"panel-grid-cell\" ><div id=\"panel-390-0-0-0\" class=\"so-panel widget widget_sow-image panel-first-child\" data-index=\"0\" ><div\n\t\t\t\n\t\t\tclass=\"so-widget-sow-image so-widget-sow-image-default-8b5b6f678277-390\"\n\t\t\t\n\t\t>\n<div class=\"sow-image-container\">\n\t\t<img \n\tsrc=\"https:\/\/madgren.com\/wp-content\/uploads\/2026\/03\/goc-and-compli-en.jpeg\" title=\"Gouvernance et Conformit\u00e9\" alt=\"\" \t\tclass=\"so-widget-image\"\/>\n\t<\/div>\n\n<\/div><\/div><div id=\"panel-390-0-0-1\" class=\"so-panel widget widget_sow-editor panel-last-child\" data-index=\"1\" ><div class=\"panel-widget-style panel-widget-style-for-390-0-0-1\" ><div\n\t\t\t\n\t\t\tclass=\"so-widget-sow-editor so-widget-sow-editor-base\"\n\t\t\t\n\t\t>\n<div class=\"siteorigin-widget-tinymce textwidget\">\n\t<h2 data-section-id=\"1i0vie0\" data-start=\"111\" data-end=\"173\">Engagement en faveur de pratiques commerciales responsables<\/h2>\n<p data-start=\"175\" data-end=\"352\">MADGREN Group s\u2019engage \u00e0 maintenir des normes \u00e9lev\u00e9es de gouvernance, de transparence et de pratiques commerciales responsables dans l\u2019ensemble de ses activit\u00e9s et partenariats.<\/p>\n<p data-start=\"354\" data-end=\"552\">La soci\u00e9t\u00e9 soutient des initiatives et collaborations internationales en accordant une attention particuli\u00e8re au professionnalisme, \u00e0 l\u2019int\u00e9grit\u00e9 et au respect des cadres r\u00e9glementaires applicables.<\/p>\n<hr data-start=\"554\" data-end=\"557\" \/>\n<h2 data-section-id=\"g6azr7\" data-start=\"559\" data-end=\"608\">R\u00f4le de conseil et de structuration de projets<\/h2>\n<p data-start=\"610\" data-end=\"823\">MADGREN agit en tant que cabinet international de conseil et de structuration de projets, accompagnant des initiatives strat\u00e9giques, des partenariats transfrontaliers et le d\u00e9veloppement de projets internationaux.<\/p>\n<p data-start=\"825\" data-end=\"1036\">La soci\u00e9t\u00e9 facilite la collaboration entre investisseurs, institutions et partenaires du secteur priv\u00e9 impliqu\u00e9s dans des projets de d\u00e9veloppement d\u2019infrastructures, de logistique et d\u2019initiatives industrielles.<\/p>\n<hr data-start=\"1038\" data-end=\"1041\" \/>\n<h2 data-section-id=\"k0o7wg\" data-start=\"1043\" data-end=\"1072\">Conformit\u00e9 et transparence<\/h2>\n<p data-start=\"1074\" data-end=\"1218\">MADGREN s\u2019engage \u00e0 mener ses activit\u00e9s conform\u00e9ment aux normes internationales de conformit\u00e9 et aux principes de responsabilit\u00e9 des entreprises.<\/p>\n<p data-start=\"1220\" data-end=\"1401\">La soci\u00e9t\u00e9 promeut la transparence, les partenariats structur\u00e9s et une conduite professionnelle dans toutes ses interactions avec ses partenaires, institutions et parties prenantes.<\/p>\n<hr data-start=\"1403\" data-end=\"1406\" \/>\n<h2 data-section-id=\"fu72j6\" data-start=\"1408\" data-end=\"1427\">Champ d\u2019activit\u00e9<\/h2>\n<p data-start=\"1429\" data-end=\"1555\">MADGREN se concentre sur le conseil strat\u00e9gique, la structuration de projets et la coordination d\u2019initiatives internationales.<\/p>\n<p data-start=\"1557\" data-end=\"1734\">La soci\u00e9t\u00e9 n\u2019intervient pas dans le commerce physique de mati\u00e8res premi\u00e8res, ni dans la d\u00e9tention de marchandises, et n\u2019exploite pas d\u2019infrastructures de stockage ou de trading.<\/p>\n<p data-start=\"1736\" data-end=\"1920\">MADGREN vise \u00e0 contribuer au d\u00e9veloppement de projets internationaux responsables en soutenant des partenariats structur\u00e9s et une coop\u00e9ration \u00e0 long terme entre acteurs internationaux.<\/p>\n<\/div>\n<\/div><\/div><\/div><\/div><\/div><\/div>","protected":false},"excerpt":{"rendered":"<p>Engagement en faveur de pratiques commerciales responsables MADGREN Group s\u2019engage \u00e0 maintenir des normes \u00e9lev\u00e9es de gouvernance, de transparence et de pratiques commerciales responsables dans l\u2019ensemble de ses activit\u00e9s et partenariats. La soci\u00e9t\u00e9 soutient des initiatives et collaborations internationales en accordant une attention particuli\u00e8re au professionnalisme, \u00e0 l\u2019int\u00e9grit\u00e9 et au respect des cadres r\u00e9glementaires applicables. [&hellip;]<\/p>\n","protected":false},"author":1,"featured_media":0,"parent":0,"menu_order":0,"comment_status":"closed","ping_status":"closed","template":"","meta":{"_coblocks_attr":"","_coblocks_dimensions":"","_coblocks_responsive_height":"","_coblocks_accordion_ie_support":"","footnotes":""},"class_list":["post-390","page","type-page","status-publish","hentry","post"],"_links":{"self":[{"href":"https:\/\/madgren.com\/index.php\/wp-json\/wp\/v2\/pages\/390","targetHints":{"allow":["GET"]}}],"collection":[{"href":"https:\/\/madgren.com\/index.php\/wp-json\/wp\/v2\/pages"}],"about":[{"href":"https:\/\/madgren.com\/index.php\/wp-json\/wp\/v2\/types\/page"}],"author":[{"embeddable":true,"href":"https:\/\/madgren.com\/index.php\/wp-json\/wp\/v2\/users\/1"}],"replies":[{"embeddable":true,"href":"https:\/\/madgren.com\/index.php\/wp-json\/wp\/v2\/comments?post=390"}],"version-history":[{"count":1,"href":"https:\/\/madgren.com\/index.php\/wp-json\/wp\/v2\/pages\/390\/revisions"}],"predecessor-version":[{"id":391,"href":"https:\/\/madgren.com\/index.php\/wp-json\/wp\/v2\/pages\/390\/revisions\/391"}],"wp:attachment":[{"href":"https:\/\/madgren.com\/index.php\/wp-json\/wp\/v2\/media?parent=390"}],"curies":[{"name":"wp","href":"https:\/\/api.w.org\/{rel}","templated":true}]}}